{"id":509,"date":"2016-05-11T13:48:28","date_gmt":"2016-05-11T13:48:28","guid":{"rendered":"http:\/\/wpoffice\/enfold-fitness\/?page_id=509"},"modified":"2026-04-10T15:54:53","modified_gmt":"2026-04-10T15:54:53","slug":"services","status":"publish","type":"page","link":"https:\/\/bluegemsaba.com\/es\/services\/","title":{"rendered":"Servicios"},"content":{"rendered":"<style type=\"text\/css\" data-created_by=\"avia_inline_auto\" id=\"style-css-av-1d0v45-0c5178fb00e8288a128c38f0e0aca561\">\n.avia-section.av-1d0v45-0c5178fb00e8288a128c38f0e0aca561{\nbackground-repeat:no-repeat;\nbackground-image:url(https:\/\/bluegemsaba.com\/wp-content\/uploads\/2020\/11\/blocks2-scaled.jpg);\nbackground-position:100% 50%;\nbackground-attachment:scroll;\n}\n<\/style>\n<div id='av_section_1'  class='avia-section av-1d0v45-0c5178fb00e8288a128c38f0e0aca561 main_color avia-section-large avia-no-border-styling  avia-builder-el-0  el_before_av_masonry_entries  avia-builder-el-first  service-banner avia-full-stretch avia-bg-style-scroll container_wrap fullsize'  data-section-bg-repeat='stretch'><div class='container av-section-cont-open' ><main  role=\"main\" itemprop=\"mainContentOfPage\"  class='template-page content  av-content-full alpha units'><div class='post-entry post-entry-type-page post-entry-509'><div class='entry-content-wrapper clearfix'>\n\n<style type=\"text\/css\" data-created_by=\"avia_inline_auto\" id=\"style-css-av-aed8t-56cedbe543ca4e57a7fda7ecad85526c\">\n#top .av-special-heading.av-aed8t-56cedbe543ca4e57a7fda7ecad85526c{\npadding-bottom:30px;\nfont-size:70px;\n}\nbody .av-special-heading.av-aed8t-56cedbe543ca4e57a7fda7ecad85526c .av-special-heading-tag .heading-char{\nfont-size:25px;\n}\n#top #wrap_all .av-special-heading.av-aed8t-56cedbe543ca4e57a7fda7ecad85526c .av-special-heading-tag{\nfont-size:70px;\n}\n.av-special-heading.av-aed8t-56cedbe543ca4e57a7fda7ecad85526c .av-subheading{\nfont-size:15px;\n}\n\n@media only screen and (min-width: 480px) and (max-width: 767px){ \n#top #wrap_all .av-special-heading.av-aed8t-56cedbe543ca4e57a7fda7ecad85526c .av-special-heading-tag{\nfont-size:0.8em;\n}\n}\n\n@media only screen and (max-width: 479px){ \n#top #wrap_all .av-special-heading.av-aed8t-56cedbe543ca4e57a7fda7ecad85526c .av-special-heading-tag{\nfont-size:0.8em;\n}\n}\n<\/style>\n<div  class='av-special-heading av-aed8t-56cedbe543ca4e57a7fda7ecad85526c av-special-heading-h1 blockquote modern-quote  avia-builder-el-1  el_before_av_one_half  avia-builder-el-first  av-thin-font av-inherit-size'><h1 class='av-special-heading-tag'  itemprop=\"headline\"  >Nuestros servicios<strong>.<\/strong><\/h1><div class=\"special-heading-border\"><div class=\"special-heading-inner-border\"><\/div><\/div><\/div>\n\n<style type=\"text\/css\" data-created_by=\"avia_inline_auto\" id=\"style-css-av-133ycl-37aa64e99fbb4dc741a98e72eeaef970\">\n.flex_column.av-133ycl-37aa64e99fbb4dc741a98e72eeaef970{\nborder-radius:0px 0px 0px 0px;\npadding:0px 0px 0px 0px;\n}\n<\/style>\n<div  class='flex_column av-133ycl-37aa64e99fbb4dc741a98e72eeaef970 av_one_half  avia-builder-el-2  el_after_av_heading  el_before_av_one_half  first flex_column_div av-zero-column-padding'     ><section  class='av_textblock_section av-xjj2l-7f1abb0e3b2cffcaae9791ce928b821b'   itemscope=\"itemscope\" itemtype=\"https:\/\/schema.org\/CreativeWork\" ><div class='avia_textblock'  itemprop=\"text\" ><p>Haremos que todo el proceso de la Terapia ABA se desarrolle de la forma m\u00e1s fluida y fluida posible.<br \/>\nLas sesiones est\u00e1n dise\u00f1adas exclusivamente para abordar cada \u00e1rea del plan de tratamiento y ayudar a nuestros clientes a alcanzar sus objetivos a largo plazo.<\/p>\n<p>Nuestra agencia se encargar\u00e1 de todo el proceso, incluidas las comprobaciones de seguros y prestaciones, la autorizaci\u00f3n del tratamiento, las evaluaciones, la aplicaci\u00f3n del plan de cuidados y la formaci\u00f3n de familiares y cuidadores.<\/p>\n<\/div><\/section><\/div>\n<style type=\"text\/css\" data-created_by=\"avia_inline_auto\" id=\"style-css-av-rj819-b8e57c650a6b3de22e1b7ec39754ddc8\">\n.flex_column.av-rj819-b8e57c650a6b3de22e1b7ec39754ddc8{\nborder-radius:0px 0px 0px 0px;\npadding:0px 0px 0px 0px;\n}\n<\/style>\n<div  class='flex_column av-rj819-b8e57c650a6b3de22e1b7ec39754ddc8 av_one_half  avia-builder-el-4  el_after_av_one_half  el_before_av_hr  flex_column_div av-hide-on-mobile av-zero-column-padding'     ><section  class='av_textblock_section av-9q8f1-37404b4f32e1df534a47df33bd93150b'   itemscope=\"itemscope\" itemtype=\"https:\/\/schema.org\/CreativeWork\" ><div class='avia_textblock'  itemprop=\"text\" ><\/div><\/section><\/div>\n<style type=\"text\/css\" data-created_by=\"avia_inline_auto\" id=\"style-css-av-h95i5-81c2acb1e3c651d9967d8f4f1d5cdb64\">\n#top .hr.hr-invisible.av-h95i5-81c2acb1e3c651d9967d8f4f1d5cdb64{\nheight:50px;\n}\n<\/style>\n<div  class='hr av-h95i5-81c2acb1e3c651d9967d8f4f1d5cdb64 hr-invisible  avia-builder-el-6  el_after_av_one_half  avia-builder-el-last  av-medium-hide av-small-hide av-mini-hide'><span class='hr-inner'><span class=\"hr-inner-style\"><\/span><\/span><\/div>\n\n\n<style type=\"text\/css\" data-created_by=\"avia_inline_auto\" id=\"style-css-av-7v27h-ba3326fe2017111c68c65eb116e07c04\">\n#top .av-masonry.av-7v27h-ba3326fe2017111c68c65eb116e07c04{\nbackground-color:#007cba;\n}\n<\/style>\n<div id='service-section' class='av-masonry av-7v27h-ba3326fe2017111c68c65eb116e07c04 noHover av-flex-size av-large-gap av-hover-overlay-active av-masonry-animation-active av-masonry-col-3 av-caption-always av-caption-style- av-masonry-entries av-medium-columns-overwrite av-medium-columns-2' data-post_id=\"509\"><div class=\"av-masonry-container isotope av-js-disabled\"><div class='av-masonry-entry isotope-item av-masonry-item-no-image'><\/div><a href=\"https:\/\/bluegemsaba.com\/es\/portfolio-item\/benefit-checks\/\"  id='av-masonry-1-item-577' data-av-masonry-item='577' class='av-masonry-entry isotope-item post-577 portfolio type-portfolio status-publish has-post-thumbnail hentry portfolio_entries-classes  av-masonry-item-with-image' title=\"Cheques de beneficios\"   itemscope=\"itemscope\" itemtype=\"https:\/\/schema.org\/CreativeWork\" ><div class='av-inner-masonry-sizer'><\/div><figure class='av-inner-masonry main_color'><div class=\"av-masonry-outerimage-container\"><div class='av-masonry-image-container'  ><img decoding=\"async\" width=\"705\" height=\"338\" fetchpriority=\"high\" class=\"wp-image-1365 avia-img-lazy-loading-not-1365\"  src=\"https:\/\/bluegemsaba.com\/wp-content\/uploads\/2020\/11\/banner8-705x338.jpg\" title=\"Cheques de beneficios\" alt=\"\" srcset=\"https:\/\/bluegemsaba.com\/wp-content\/uploads\/2020\/11\/banner8-705x338.jpg 705w, https:\/\/bluegemsaba.com\/wp-content\/uploads\/2020\/11\/banner8-300x144.jpg 300w, https:\/\/bluegemsaba.com\/wp-content\/uploads\/2020\/11\/banner8-1030x494.jpg 1030w, https:\/\/bluegemsaba.com\/wp-content\/uploads\/2020\/11\/banner8-768x369.jpg 768w, https:\/\/bluegemsaba.com\/wp-content\/uploads\/2020\/11\/banner8-1536x737.jpg 1536w, https:\/\/bluegemsaba.com\/wp-content\/uploads\/2020\/11\/banner8-2048x983.jpg 2048w, https:\/\/bluegemsaba.com\/wp-content\/uploads\/2020\/11\/banner8-1500x720.jpg 1500w\" sizes=\"(max-width: 705px) 100vw, 705px\" \/><\/div><\/div><figcaption class='av-inner-masonry-content site-background'><div class='av-inner-masonry-content-pos'><div class='av-inner-masonry-content-pos-content'><div class='avia-arrow'><\/div><h3 class='av-masonry-entry-title entry-title'  itemprop=\"headline\" >Cheques de beneficios<\/h3><div class='av-masonry-entry-content entry-content'  itemprop=\"text\" >Comunicamos cualquier recurso que pueda estar disponible para usted y su hijo, el estado de su cobertura de seguro y si hay costos adicionales involucrados.<\/div><\/div><\/div><\/figcaption><\/figure><\/a><!--end av-masonry entry--><a href=\"https:\/\/bluegemsaba.com\/es\/portfolio-item\/consultations\/\"  id='av-masonry-1-item-575' data-av-masonry-item='575' class='av-masonry-entry isotope-item post-575 portfolio type-portfolio status-publish has-post-thumbnail hentry portfolio_entries-classes  av-masonry-item-with-image' title=\"pancarta1\"   itemscope=\"itemscope\" itemtype=\"https:\/\/schema.org\/CreativeWork\" ><div class='av-inner-masonry-sizer'><\/div><figure class='av-inner-masonry main_color'><div class=\"av-masonry-outerimage-container\"><div class='av-masonry-image-container'  ><img decoding=\"async\" width=\"705\" height=\"338\" fetchpriority=\"high\" class=\"wp-image-1359 avia-img-lazy-loading-not-1359\"  src=\"https:\/\/bluegemsaba.com\/wp-content\/uploads\/2016\/05\/banner1-705x338.jpg\" title=\"pancarta1\" alt=\"\" srcset=\"https:\/\/bluegemsaba.com\/wp-content\/uploads\/2016\/05\/banner1-705x338.jpg 705w, https:\/\/bluegemsaba.com\/wp-content\/uploads\/2016\/05\/banner1-300x144.jpg 300w, https:\/\/bluegemsaba.com\/wp-content\/uploads\/2016\/05\/banner1-1030x494.jpg 1030w, https:\/\/bluegemsaba.com\/wp-content\/uploads\/2016\/05\/banner1-768x369.jpg 768w, https:\/\/bluegemsaba.com\/wp-content\/uploads\/2016\/05\/banner1-1536x737.jpg 1536w, https:\/\/bluegemsaba.com\/wp-content\/uploads\/2016\/05\/banner1-2048x983.jpg 2048w, https:\/\/bluegemsaba.com\/wp-content\/uploads\/2016\/05\/banner1-1500x720.jpg 1500w\" sizes=\"(max-width: 705px) 100vw, 705px\" \/><\/div><\/div><figcaption class='av-inner-masonry-content site-background'><div class='av-inner-masonry-content-pos'><div class='av-inner-masonry-content-pos-content'><div class='avia-arrow'><\/div><h3 class='av-masonry-entry-title entry-title'  itemprop=\"headline\" >Consultas<\/h3><div class='av-masonry-entry-content entry-content'  itemprop=\"text\" >Con el aporte de todas las partes interesadas, incluidos los padres y maestros, recopilamos datos espec\u00edficos y creamos un an\u00e1lisis. Esto nos permite ayudar mejor a su hijo.<\/div><\/div><\/div><\/figcaption><\/figure><\/a><!--end av-masonry entry--><a href=\"https:\/\/bluegemsaba.com\/es\/portfolio-item\/family-support\/\"  id='av-masonry-1-item-578' data-av-masonry-item='578' class='av-masonry-entry isotope-item post-578 portfolio type-portfolio status-publish has-post-thumbnail hentry portfolio_entries-classes  av-masonry-item-with-image' title=\"pancarta2\"   itemscope=\"itemscope\" itemtype=\"https:\/\/schema.org\/CreativeWork\" ><div class='av-inner-masonry-sizer'><\/div><figure class='av-inner-masonry main_color'><div class=\"av-masonry-outerimage-container\"><div class='av-masonry-image-container'  ><img decoding=\"async\" width=\"705\" height=\"338\" fetchpriority=\"high\" class=\"wp-image-1360 avia-img-lazy-loading-not-1360\"  src=\"https:\/\/bluegemsaba.com\/wp-content\/uploads\/2016\/05\/banner2-705x338.jpg\" title=\"pancarta2\" alt=\"\" srcset=\"https:\/\/bluegemsaba.com\/wp-content\/uploads\/2016\/05\/banner2-705x338.jpg 705w, https:\/\/bluegemsaba.com\/wp-content\/uploads\/2016\/05\/banner2-300x144.jpg 300w, https:\/\/bluegemsaba.com\/wp-content\/uploads\/2016\/05\/banner2-1030x494.jpg 1030w, https:\/\/bluegemsaba.com\/wp-content\/uploads\/2016\/05\/banner2-768x369.jpg 768w, https:\/\/bluegemsaba.com\/wp-content\/uploads\/2016\/05\/banner2-1536x737.jpg 1536w, https:\/\/bluegemsaba.com\/wp-content\/uploads\/2016\/05\/banner2-2048x983.jpg 2048w, https:\/\/bluegemsaba.com\/wp-content\/uploads\/2016\/05\/banner2-1500x720.jpg 1500w\" sizes=\"(max-width: 705px) 100vw, 705px\" \/><\/div><\/div><figcaption class='av-inner-masonry-content site-background'><div class='av-inner-masonry-content-pos'><div class='av-inner-masonry-content-pos-content'><div class='avia-arrow'><\/div><h3 class='av-masonry-entry-title entry-title'  itemprop=\"headline\" >Apoyo familiar<\/h3><div class='av-masonry-entry-content entry-content'  itemprop=\"text\" >Brindamos capacitaci\u00f3n a los padres en todos nuestros planes de comportamiento, lo que incluye recopilar comentarios de los padres relacionados con la terapia y ayudarlos a ser parte del proceso.<\/div><\/div><\/div><\/figcaption><\/figure><\/a><!--end av-masonry entry--><a href=\"https:\/\/bluegemsaba.com\/es\/portfolio-item\/home-based-aba\/\"  id='av-masonry-1-item-579' data-av-masonry-item='579' class='av-masonry-entry isotope-item post-579 portfolio type-portfolio status-publish has-post-thumbnail hentry portfolio_entries-classes  av-masonry-item-with-image' title=\"banner4\"   itemscope=\"itemscope\" itemtype=\"https:\/\/schema.org\/CreativeWork\" ><div class='av-inner-masonry-sizer'><\/div><figure class='av-inner-masonry main_color'><div class=\"av-masonry-outerimage-container\"><div class='av-masonry-image-container'  ><img decoding=\"async\" width=\"705\" height=\"338\" fetchpriority=\"high\" class=\"wp-image-1362 avia-img-lazy-loading-not-1362\"  src=\"https:\/\/bluegemsaba.com\/wp-content\/uploads\/2016\/05\/banner4-705x338.jpg\" title=\"banner4\" alt=\"\" srcset=\"https:\/\/bluegemsaba.com\/wp-content\/uploads\/2016\/05\/banner4-705x338.jpg 705w, https:\/\/bluegemsaba.com\/wp-content\/uploads\/2016\/05\/banner4-300x144.jpg 300w, https:\/\/bluegemsaba.com\/wp-content\/uploads\/2016\/05\/banner4-1030x494.jpg 1030w, https:\/\/bluegemsaba.com\/wp-content\/uploads\/2016\/05\/banner4-768x369.jpg 768w, https:\/\/bluegemsaba.com\/wp-content\/uploads\/2016\/05\/banner4-1536x737.jpg 1536w, https:\/\/bluegemsaba.com\/wp-content\/uploads\/2016\/05\/banner4-2048x983.jpg 2048w, https:\/\/bluegemsaba.com\/wp-content\/uploads\/2016\/05\/banner4-1500x720.jpg 1500w\" sizes=\"(max-width: 705px) 100vw, 705px\" \/><\/div><\/div><figcaption class='av-inner-masonry-content site-background'><div class='av-inner-masonry-content-pos'><div class='av-inner-masonry-content-pos-content'><div class='avia-arrow'><\/div><h3 class='av-masonry-entry-title entry-title'  itemprop=\"headline\" >ABA basado en el hogar<\/h3><div class='av-masonry-entry-content entry-content'  itemprop=\"text\" >Un terapeuta ABA ir\u00e1 a su casa y trabajar\u00e1 con su hijo individualmente. Las sesiones personales garantizan una atenci\u00f3n y cuidado individualizados para su hijo.<\/div><\/div><\/div><\/figcaption><\/figure><\/a><!--end av-masonry entry--><a href=\"https:\/\/bluegemsaba.com\/es\/portfolio-item\/initial-assessments\/\"  id='av-masonry-1-item-576' data-av-masonry-item='576' class='av-masonry-entry isotope-item post-576 portfolio type-portfolio status-publish has-post-thumbnail hentry portfolio_entries-classes  av-masonry-item-with-image' title=\"pancarta6\"   itemscope=\"itemscope\" itemtype=\"https:\/\/schema.org\/CreativeWork\" ><div class='av-inner-masonry-sizer'><\/div><figure class='av-inner-masonry main_color'><div class=\"av-masonry-outerimage-container\"><div class='av-masonry-image-container'  ><img decoding=\"async\" width=\"705\" height=\"338\" fetchpriority=\"high\" class=\"wp-image-1363 avia-img-lazy-loading-not-1363\"  src=\"https:\/\/bluegemsaba.com\/wp-content\/uploads\/2016\/05\/banner6-705x338.jpg\" title=\"pancarta6\" alt=\"\" srcset=\"https:\/\/bluegemsaba.com\/wp-content\/uploads\/2016\/05\/banner6-705x338.jpg 705w, https:\/\/bluegemsaba.com\/wp-content\/uploads\/2016\/05\/banner6-300x144.jpg 300w, https:\/\/bluegemsaba.com\/wp-content\/uploads\/2016\/05\/banner6-1030x494.jpg 1030w, https:\/\/bluegemsaba.com\/wp-content\/uploads\/2016\/05\/banner6-768x369.jpg 768w, https:\/\/bluegemsaba.com\/wp-content\/uploads\/2016\/05\/banner6-1536x737.jpg 1536w, https:\/\/bluegemsaba.com\/wp-content\/uploads\/2016\/05\/banner6-2048x983.jpg 2048w, https:\/\/bluegemsaba.com\/wp-content\/uploads\/2016\/05\/banner6-1500x720.jpg 1500w\" sizes=\"(max-width: 705px) 100vw, 705px\" \/><\/div><\/div><figcaption class='av-inner-masonry-content site-background'><div class='av-inner-masonry-content-pos'><div class='av-inner-masonry-content-pos-content'><div class='avia-arrow'><\/div><h3 class='av-masonry-entry-title entry-title'  itemprop=\"headline\" >Evaluaciones iniciales<\/h3><div class='av-masonry-entry-content entry-content'  itemprop=\"text\" >Uno de nuestros BCBA altamente calificado evaluar\u00e1 a su hijo para crear un plan de tratamiento personalizado. Consideramos las necesidades de cada familia y el conjunto de habilidades de cada ni\u00f1o.<\/div><\/div><\/div><\/figcaption><\/figure><\/a><!--end av-masonry entry--><a href=\"https:\/\/bluegemsaba.com\/es\/portfolio-item\/school-based-support\/\"  id='av-masonry-1-item-580' data-av-masonry-item='580' class='av-masonry-entry isotope-item post-580 portfolio type-portfolio status-publish has-post-thumbnail hentry portfolio_entries-classes  av-masonry-item-with-image' title=\"pancarta7\"   itemscope=\"itemscope\" itemtype=\"https:\/\/schema.org\/CreativeWork\" ><div class='av-inner-masonry-sizer'><\/div><figure class='av-inner-masonry main_color'><div class=\"av-masonry-outerimage-container\"><div class='av-masonry-image-container'  ><img decoding=\"async\" width=\"705\" height=\"338\" fetchpriority=\"high\" class=\"wp-image-1364 avia-img-lazy-loading-not-1364\"  src=\"https:\/\/bluegemsaba.com\/wp-content\/uploads\/2016\/05\/banner7-705x338.jpg\" title=\"pancarta7\" alt=\"\" srcset=\"https:\/\/bluegemsaba.com\/wp-content\/uploads\/2016\/05\/banner7-705x338.jpg 705w, https:\/\/bluegemsaba.com\/wp-content\/uploads\/2016\/05\/banner7-300x144.jpg 300w, https:\/\/bluegemsaba.com\/wp-content\/uploads\/2016\/05\/banner7-1030x494.jpg 1030w, https:\/\/bluegemsaba.com\/wp-content\/uploads\/2016\/05\/banner7-768x369.jpg 768w, https:\/\/bluegemsaba.com\/wp-content\/uploads\/2016\/05\/banner7-1536x737.jpg 1536w, https:\/\/bluegemsaba.com\/wp-content\/uploads\/2016\/05\/banner7-2048x983.jpg 2048w, https:\/\/bluegemsaba.com\/wp-content\/uploads\/2016\/05\/banner7-1500x720.jpg 1500w\" sizes=\"(max-width: 705px) 100vw, 705px\" \/><\/div><\/div><figcaption class='av-inner-masonry-content site-background'><div class='av-inner-masonry-content-pos'><div class='av-inner-masonry-content-pos-content'><div class='avia-arrow'><\/div><h3 class='av-masonry-entry-title entry-title'  itemprop=\"headline\" >Apoyo Escolar<\/h3><div class='av-masonry-entry-content entry-content'  itemprop=\"text\" >Nuestro personal trabaja en estrecha colaboraci\u00f3n con los maestros y educadores de su hijo para garantizar que la escuela reciba la capacitaci\u00f3n y el apoyo necesarios.<\/div><\/div><\/div><\/figcaption><\/figure><\/a><!--end av-masonry entry--><\/div><\/div>","protected":false},"excerpt":{"rendered":"","protected":false},"author":1,"featured_media":0,"parent":0,"menu_order":0,"comment_status":"closed","ping_status":"closed","template":"","meta":{"_acf_changed":false,"footnotes":""},"class_list":["post-509","page","type-page","status-publish","hentry"],"acf":[],"yoast_head":"<!-- This site is optimized with the Yoast SEO plugin v25.9 - https:\/\/yoast.com\/wordpress\/plugins\/seo\/ -->\n<title>ABA Services - ABA Therapy Services<\/title>\n<meta name=\"description\" content=\"We will make the entire ABA Therapy process go as smoothly and seamlessly as possible. The sessions are uniquely... Read mo\" \/>\n<meta name=\"robots\" content=\"index, follow, max-snippet:-1, max-image-preview:large, max-video-preview:-1\" \/>\n<link rel=\"canonical\" href=\"https:\/\/bluegemsaba.com\/es\/services\/\" \/>\n<meta property=\"og:locale\" content=\"es_MX\" \/>\n<meta property=\"og:type\" content=\"article\" \/>\n<meta property=\"og:title\" content=\"ABA Services - ABA Therapy Services\" \/>\n<meta property=\"og:description\" content=\"We will make the entire ABA Therapy process go as smoothly and seamlessly as possible. The sessions are uniquely... Read mo\" \/>\n<meta property=\"og:url\" content=\"https:\/\/bluegemsaba.com\/es\/services\/\" \/>\n<meta property=\"og:site_name\" content=\"BlueGems\" \/>\n<meta property=\"article:publisher\" content=\"https:\/\/www.facebook.com\/BlueGemsABA\/\" \/>\n<meta property=\"article:modified_time\" content=\"2026-04-10T15:54:53+00:00\" \/>\n<meta name=\"twitter:card\" content=\"summary_large_image\" \/>\n<meta name=\"twitter:label1\" content=\"Tiempo de lectura\" \/>\n\t<meta name=\"twitter:data1\" content=\"3 minutos\" \/>\n<script type=\"application\/ld+json\" class=\"yoast-schema-graph\">{\"@context\":\"https:\/\/schema.org\",\"@graph\":[{\"@type\":\"WebPage\",\"@id\":\"https:\/\/bluegemsaba.com\/services\/\",\"url\":\"https:\/\/bluegemsaba.com\/services\/\",\"name\":\"ABA Services - ABA Therapy Services\",\"isPartOf\":{\"@id\":\"https:\/\/bluegemsaba.com\/#website\"},\"datePublished\":\"2016-05-11T13:48:28+00:00\",\"dateModified\":\"2026-04-10T15:54:53+00:00\",\"description\":\"We will make the entire ABA Therapy process go as smoothly and seamlessly as possible. The sessions are uniquely... Read mo\",\"breadcrumb\":{\"@id\":\"https:\/\/bluegemsaba.com\/services\/#breadcrumb\"},\"inLanguage\":\"es\",\"potentialAction\":[{\"@type\":\"ReadAction\",\"target\":[\"https:\/\/bluegemsaba.com\/services\/\"]}]},{\"@type\":\"BreadcrumbList\",\"@id\":\"https:\/\/bluegemsaba.com\/services\/#breadcrumb\",\"itemListElement\":[{\"@type\":\"ListItem\",\"position\":1,\"name\":\"Home\",\"item\":\"https:\/\/bluegemsaba.com\/\"},{\"@type\":\"ListItem\",\"position\":2,\"name\":\"Services\"}]},{\"@type\":\"WebSite\",\"@id\":\"https:\/\/bluegemsaba.com\/#website\",\"url\":\"https:\/\/bluegemsaba.com\/\",\"name\":\"BlueGems ABA\",\"description\":\"Where every Child is a Diamond\",\"publisher\":{\"@id\":\"https:\/\/bluegemsaba.com\/#organization\"},\"potentialAction\":[{\"@type\":\"SearchAction\",\"target\":{\"@type\":\"EntryPoint\",\"urlTemplate\":\"https:\/\/bluegemsaba.com\/?s={search_term_string}\"},\"query-input\":{\"@type\":\"PropertyValueSpecification\",\"valueRequired\":true,\"valueName\":\"search_term_string\"}}],\"inLanguage\":\"es\"},{\"@type\":\"Organization\",\"@id\":\"https:\/\/bluegemsaba.com\/#organization\",\"name\":\"Blue Gems ABA\",\"url\":\"https:\/\/bluegemsaba.com\/\",\"logo\":{\"@type\":\"ImageObject\",\"inLanguage\":\"es\",\"@id\":\"https:\/\/bluegemsaba.com\/#\/schema\/logo\/image\/\",\"url\":\"https:\/\/bluegemsaba.com\/wp-content\/uploads\/2020\/11\/Blue-Gems-Logo-revised-01.png\",\"contentUrl\":\"https:\/\/bluegemsaba.com\/wp-content\/uploads\/2020\/11\/Blue-Gems-Logo-revised-01.png\",\"width\":1952,\"height\":449,\"caption\":\"Blue Gems ABA\"},\"image\":{\"@id\":\"https:\/\/bluegemsaba.com\/#\/schema\/logo\/image\/\"},\"sameAs\":[\"https:\/\/www.facebook.com\/BlueGemsABA\/\"]}]}<\/script>\n<!-- \/ Yoast SEO plugin. -->","yoast_head_json":{"title":"Servicios ABA - Servicios de terapia ABA","description":"Haremos que todo el proceso de la Terapia ABA sea lo m\u00e1s fluido y sencillo posible. Las sesiones son \u00fanicas... Leer m\u00e1s","robots":{"index":"index","follow":"follow","max-snippet":"max-snippet:-1","max-image-preview":"max-image-preview:large","max-video-preview":"max-video-preview:-1"},"canonical":"https:\/\/bluegemsaba.com\/es\/services\/","og_locale":"es_MX","og_type":"article","og_title":"ABA Services - ABA Therapy Services","og_description":"We will make the entire ABA Therapy process go as smoothly and seamlessly as possible. The sessions are uniquely... Read mo","og_url":"https:\/\/bluegemsaba.com\/es\/services\/","og_site_name":"BlueGems","article_publisher":"https:\/\/www.facebook.com\/BlueGemsABA\/","article_modified_time":"2026-04-10T15:54:53+00:00","twitter_card":"summary_large_image","twitter_misc":{"Tiempo de lectura":"3 minutos"},"schema":{"@context":"https:\/\/schema.org","@graph":[{"@type":"WebPage","@id":"https:\/\/bluegemsaba.com\/services\/","url":"https:\/\/bluegemsaba.com\/services\/","name":"Servicios ABA - Servicios de terapia ABA","isPartOf":{"@id":"https:\/\/bluegemsaba.com\/#website"},"datePublished":"2016-05-11T13:48:28+00:00","dateModified":"2026-04-10T15:54:53+00:00","description":"Haremos que todo el proceso de la Terapia ABA sea lo m\u00e1s fluido y sencillo posible. Las sesiones son \u00fanicas... Leer m\u00e1s","breadcrumb":{"@id":"https:\/\/bluegemsaba.com\/services\/#breadcrumb"},"inLanguage":"es","potentialAction":[{"@type":"ReadAction","target":["https:\/\/bluegemsaba.com\/services\/"]}]},{"@type":"BreadcrumbList","@id":"https:\/\/bluegemsaba.com\/services\/#breadcrumb","itemListElement":[{"@type":"ListItem","position":1,"name":"Home","item":"https:\/\/bluegemsaba.com\/"},{"@type":"ListItem","position":2,"name":"Services"}]},{"@type":"WebSite","@id":"https:\/\/bluegemsaba.com\/#website","url":"https:\/\/bluegemsaba.com\/","name":"BlueGems ABA","description":"Donde cada ni\u00f1o es un diamante","publisher":{"@id":"https:\/\/bluegemsaba.com\/#organization"},"potentialAction":[{"@type":"SearchAction","target":{"@type":"EntryPoint","urlTemplate":"https:\/\/bluegemsaba.com\/?s={search_term_string}"},"query-input":{"@type":"PropertyValueSpecification","valueRequired":true,"valueName":"search_term_string"}}],"inLanguage":"es"},{"@type":"Organization","@id":"https:\/\/bluegemsaba.com\/#organization","name":"Blue Gems ABA","url":"https:\/\/bluegemsaba.com\/","logo":{"@type":"ImageObject","inLanguage":"es","@id":"https:\/\/bluegemsaba.com\/#\/schema\/logo\/image\/","url":"https:\/\/bluegemsaba.com\/wp-content\/uploads\/2020\/11\/Blue-Gems-Logo-revised-01.png","contentUrl":"https:\/\/bluegemsaba.com\/wp-content\/uploads\/2020\/11\/Blue-Gems-Logo-revised-01.png","width":1952,"height":449,"caption":"Blue Gems ABA"},"image":{"@id":"https:\/\/bluegemsaba.com\/#\/schema\/logo\/image\/"},"sameAs":["https:\/\/www.facebook.com\/BlueGemsABA\/"]}]}},"_links":{"self":[{"href":"https:\/\/bluegemsaba.com\/es\/wp-json\/wp\/v2\/pages\/509","targetHints":{"allow":["GET"]}}],"collection":[{"href":"https:\/\/bluegemsaba.com\/es\/wp-json\/wp\/v2\/pages"}],"about":[{"href":"https:\/\/bluegemsaba.com\/es\/wp-json\/wp\/v2\/types\/page"}],"author":[{"embeddable":true,"href":"https:\/\/bluegemsaba.com\/es\/wp-json\/wp\/v2\/users\/1"}],"replies":[{"embeddable":true,"href":"https:\/\/bluegemsaba.com\/es\/wp-json\/wp\/v2\/comments?post=509"}],"version-history":[{"count":1,"href":"https:\/\/bluegemsaba.com\/es\/wp-json\/wp\/v2\/pages\/509\/revisions"}],"predecessor-version":[{"id":21853,"href":"https:\/\/bluegemsaba.com\/es\/wp-json\/wp\/v2\/pages\/509\/revisions\/21853"}],"wp:attachment":[{"href":"https:\/\/bluegemsaba.com\/es\/wp-json\/wp\/v2\/media?parent=509"}],"curies":[{"name":"wp","href":"https:\/\/api.w.org\/{rel}","templated":true}]}}