{"id":1427,"date":"2020-11-15T10:55:55","date_gmt":"2020-11-15T10:55:55","guid":{"rendered":"https:\/\/bluegemsaba.com\/?page_id=1427"},"modified":"2021-02-16T17:00:34","modified_gmt":"2021-02-16T17:00:34","slug":"privacy-policy","status":"publish","type":"page","link":"https:\/\/bluegemsaba.com\/es\/privacy-policy\/","title":{"rendered":"pol\u00edtica de privacidad"},"content":{"rendered":"<p><img decoding=\"async\" class=\"wp-image-822 aligncenter\" src=\"https:\/\/bluegemsaba.com\/wp-content\/uploads\/2020\/10\/Blue-Gems-Logo__-01.png\" alt=\"\" width=\"367\" height=\"238\" \/><\/p>\n<p><strong>Condiciones generales<\/strong><\/p>\n<p>La presente Pol\u00edtica de Privacidad regula el m\u00e9todo por el que Blue Gems ABA LLC recopila, utiliza, mantiene y divulga la informaci\u00f3n recogida de los usuarios (cada uno de ellos, un \"Usuario\") del sitio web info@bluegemsaba.com (\"Sitio\"). Esta pol\u00edtica de privacidad se aplica al Sitio y a todos los productos y servicios que ofrece Blue Gems ABA LLC.<\/p>\n<h5>Informaci\u00f3n de identificaci\u00f3n personal<\/h5>\n<p>Podemos recopilar informaci\u00f3n de identificaci\u00f3n personal de los usuarios de muchas maneras, incluyendo, pero no limitado a, cuando los usuarios visitan nuestro sitio, realizar un pedido, rellenar un formulario, responder a una encuesta, as\u00ed como en asociaci\u00f3n con otras actividades, servicios, caracter\u00edsticas o recursos que ponemos a disposici\u00f3n en nuestro sitio.<\/p>\n<p>Es posible que se solicite a los usuarios, seg\u00fan corresponda, su nombre, direcci\u00f3n de correo electr\u00f3nico, direcci\u00f3n postal, n\u00famero de tel\u00e9fono, seguro y datos de la tarjeta de cr\u00e9dito. Sin embargo, los usuarios pueden visitar nuestro sitio de forma an\u00f3nima.<\/p>\n<p>S\u00f3lo recopilaremos informaci\u00f3n de identificaci\u00f3n personal de los usuarios si \u00e9stos nos la facilitan voluntariamente. Los usuarios siempre pueden negarse a proporcionar informaci\u00f3n de identificaci\u00f3n personal, pero esto puede impedirles participar en ciertas actividades relacionadas con el Sitio.<\/p>\n<h5>Informaci\u00f3n de identificaci\u00f3n no personal<\/h5>\n<p>Podemos recopilar informaci\u00f3n de identificaci\u00f3n no personal sobre los Usuarios siempre que interact\u00faen con nuestro Sitio. La informaci\u00f3n de identificaci\u00f3n no personal puede incluir el nombre del navegador, el tipo de ordenador e informaci\u00f3n t\u00e9cnica sobre los medios de conexi\u00f3n de los Usuarios a nuestro Sitio, como el sistema operativo y los proveedores de servicios de Internet utilizados y otra informaci\u00f3n similar.<\/p>\n<h5>Cookies del navegador web<\/h5>\n<p>Nuestro sitio puede utilizar \"cookies\" para mejorar la experiencia del usuario. El navegador web del usuario coloca cookies en su disco duro con fines de registro y, a veces, para rastrear informaci\u00f3n sobre \u00e9l. El usuario puede optar por configurar su navegador para que rechace las cookies o para que le avise cuando se env\u00eden cookies. Si lo hace, es posible que algunas partes del Sitio no funcionen correctamente.<\/p>\n<h5>C\u00f3mo utilizamos la informaci\u00f3n recopilada<\/h5>\n<p>Blue Gems ABA LLC obtiene y utiliza la informaci\u00f3n personal de los Usuarios para los siguientes fines:<\/p>\n<p>Para mejorar nuestro sitio<\/p>\n<p>Nos esforzamos por mejorar continuamente la oferta de nuestro sitio web bas\u00e1ndonos en la informaci\u00f3n y los comentarios que recibimos de usted.<\/p>\n<p>Para enviar correos electr\u00f3nicos peri\u00f3dicos<\/p>\n<p>La direcci\u00f3n de correo electr\u00f3nico que los usuarios faciliten para tramitar sus pedidos se utilizar\u00e1 \u00fanicamente para enviarles informaci\u00f3n y actualizaciones relativas a sus pedidos. Tambi\u00e9n podr\u00e1 utilizarse para responder a sus consultas y\/u otras peticiones o preguntas.<\/p>\n<p>Si el Usuario decide inscribirse en nuestra lista de correo, recibir\u00e1 correos electr\u00f3nicos que pueden incluir noticias de la empresa, actualizaciones, informaci\u00f3n relacionada con productos o servicios, etc. Si el usuario desea darse de baja en cualquier momento de la recepci\u00f3n de futuros correos electr\u00f3nicos, incluimos instrucciones detalladas para darse de baja en la parte inferior de cada correo electr\u00f3nico o el usuario puede ponerse en contacto con nosotros a trav\u00e9s de nuestro sitio.<\/p>\n<h5>C\u00f3mo protegemos su informaci\u00f3n<\/h5>\n<p>Adoptamos pr\u00e1cticas adecuadas de recopilaci\u00f3n, almacenamiento y procesamiento de datos y medidas de seguridad para proteger contra el acceso no autorizado, la alteraci\u00f3n, la divulgaci\u00f3n o la destrucci\u00f3n de su informaci\u00f3n personal, nombre de usuario, contrase\u00f1a, informaci\u00f3n de transacciones y datos almacenados en nuestro Sitio.<\/p>\n<p>El intercambio de datos confidenciales y privados entre el Sitio y sus Usuarios se realiza a trav\u00e9s de un canal de comunicaci\u00f3n seguro SSL y est\u00e1 cifrado y protegido.<\/p>\n<h5>Cambios en esta pol\u00edtica de privacidad<\/h5>\n<p>En cualquier momento, Blue Gems ABA LLC tiene la opci\u00f3n de actualizar esta pol\u00edtica de privacidad. Cuando lo hagamos, Blue Gems ABA LLC revisar\u00e1 la fecha de actualizaci\u00f3n en la parte inferior de esta p\u00e1gina. Recomendamos a los Usuarios que consulten con frecuencia esta p\u00e1gina para comprobar si se han producido cambios y as\u00ed mantenerse informados sobre c\u00f3mo contribuimos a proteger la informaci\u00f3n personal que recopilamos. Usted reconoce y acepta que es su responsabilidad revisar esta pol\u00edtica de privacidad peri\u00f3dicamente y estar al tanto de las modificaciones.<\/p>\n<h5>Su aceptaci\u00f3n de estas condiciones<\/h5>\n<p>Al utilizar este Sitio, usted indica que acepta esta pol\u00edtica y las condiciones del servicio. Si no est\u00e1 de acuerdo con esta pol\u00edtica, no utilice nuestro Sitio.<\/p>\n<p>Su uso continuado del Sitio tras la publicaci\u00f3n de cambios en esta pol\u00edtica se considerar\u00e1 su aceptaci\u00f3n de dichos cambios.<\/p>\n<h5>Contacto<\/h5>\n<p>Si tiene alguna pregunta sobre esta Pol\u00edtica de privacidad, las pr\u00e1cticas de este sitio o sus relaciones con este sitio, p\u00f3ngase en contacto con nosotros en:<\/p>\n<p>Blue Gems ABA<\/p>\n<p>Tel\u00e9fono (617)-297-7998<\/p>\n<p>Correo electr\u00f3nico info@bluegemsaba.com<\/p>","protected":false},"excerpt":{"rendered":"<p>T\u00e9rminos y condiciones La presente pol\u00edtica de privacidad regula el m\u00e9todo por el que Blue Gems ABA LLC recopila, utiliza, mantiene y divulga la informaci\u00f3n recogida de los usuarios (cada uno de ellos, un \"Usuario\") del sitio web info@bluegemsaba.com (\"Sitio\"). Esta pol\u00edtica de privacidad se aplica al Sitio y a todos los productos y servicios que ofrece Blue Gems ABA LLC. Informaci\u00f3n de identificaci\u00f3n personal [...]<\/p>","protected":false},"author":1,"featured_media":0,"parent":0,"menu_order":0,"comment_status":"closed","ping_status":"closed","template":"template-blank.php","meta":{"_acf_changed":false,"footnotes":""},"class_list":["post-1427","page","type-page","status-publish","hentry"],"acf":[],"yoast_head":"<!-- This site is optimized with the Yoast SEO plugin v25.9 - https:\/\/yoast.com\/wordpress\/plugins\/seo\/ -->\n<title>Privacy Policy - BlueGems - Where every child is a diamond!<\/title>\n<meta name=\"description\" content=\"This Privacy Policy regulates the method in which Blue Gems ABA LLC collects, uses, maintains and discloses information...Read More\" \/>\n<meta name=\"robots\" content=\"index, follow, max-snippet:-1, max-image-preview:large, max-video-preview:-1\" \/>\n<link rel=\"canonical\" href=\"https:\/\/bluegemsaba.com\/es\/privacy-policy\/\" \/>\n<meta property=\"og:locale\" content=\"es_MX\" \/>\n<meta property=\"og:type\" content=\"article\" \/>\n<meta property=\"og:title\" content=\"Privacy Policy - BlueGems - Where every child is a diamond!\" \/>\n<meta property=\"og:description\" content=\"This Privacy Policy regulates the method in which Blue Gems ABA LLC collects, uses, maintains and discloses information...Read More\" \/>\n<meta property=\"og:url\" content=\"https:\/\/bluegemsaba.com\/es\/privacy-policy\/\" \/>\n<meta property=\"og:site_name\" content=\"BlueGems\" \/>\n<meta property=\"article:publisher\" content=\"https:\/\/www.facebook.com\/BlueGemsABA\/\" \/>\n<meta property=\"article:modified_time\" content=\"2021-02-16T17:00:34+00:00\" \/>\n<meta property=\"og:image\" content=\"https:\/\/bluegemsaba.com\/wp-content\/uploads\/2020\/10\/Blue-Gems-Logo__-01.png\" \/>\n<meta name=\"twitter:card\" content=\"summary_large_image\" \/>\n<meta name=\"twitter:label1\" content=\"Tiempo de lectura\" \/>\n\t<meta name=\"twitter:data1\" content=\"3 minutos\" \/>\n<script type=\"application\/ld+json\" class=\"yoast-schema-graph\">{\"@context\":\"https:\/\/schema.org\",\"@graph\":[{\"@type\":\"WebPage\",\"@id\":\"https:\/\/bluegemsaba.com\/privacy-policy\/\",\"url\":\"https:\/\/bluegemsaba.com\/privacy-policy\/\",\"name\":\"Privacy Policy - BlueGems - Where every child is a diamond!\",\"isPartOf\":{\"@id\":\"https:\/\/bluegems.bycws.com\/#website\"},\"primaryImageOfPage\":{\"@id\":\"https:\/\/bluegemsaba.com\/privacy-policy\/#primaryimage\"},\"image\":{\"@id\":\"https:\/\/bluegemsaba.com\/privacy-policy\/#primaryimage\"},\"thumbnailUrl\":\"https:\/\/bluegemsaba.com\/wp-content\/uploads\/2020\/10\/Blue-Gems-Logo__-01.png\",\"datePublished\":\"2020-11-15T10:55:55+00:00\",\"dateModified\":\"2021-02-16T17:00:34+00:00\",\"description\":\"This Privacy Policy regulates the method in which Blue Gems ABA LLC collects, uses, maintains and discloses information...Read More\",\"breadcrumb\":{\"@id\":\"https:\/\/bluegemsaba.com\/privacy-policy\/#breadcrumb\"},\"inLanguage\":\"es\",\"potentialAction\":[{\"@type\":\"ReadAction\",\"target\":[\"https:\/\/bluegemsaba.com\/privacy-policy\/\"]}]},{\"@type\":\"ImageObject\",\"inLanguage\":\"es\",\"@id\":\"https:\/\/bluegemsaba.com\/privacy-policy\/#primaryimage\",\"url\":\"https:\/\/bluegemsaba.com\/wp-content\/uploads\/2020\/10\/Blue-Gems-Logo__-01.png\",\"contentUrl\":\"https:\/\/bluegemsaba.com\/wp-content\/uploads\/2020\/10\/Blue-Gems-Logo__-01.png\"},{\"@type\":\"BreadcrumbList\",\"@id\":\"https:\/\/bluegemsaba.com\/privacy-policy\/#breadcrumb\",\"itemListElement\":[{\"@type\":\"ListItem\",\"position\":1,\"name\":\"Home\",\"item\":\"https:\/\/bluegems.bycws.com\/\"},{\"@type\":\"ListItem\",\"position\":2,\"name\":\"Privacy Policy\"}]},{\"@type\":\"WebSite\",\"@id\":\"https:\/\/bluegems.bycws.com\/#website\",\"url\":\"https:\/\/bluegems.bycws.com\/\",\"name\":\"BlueGems ABA\",\"description\":\"Where every Child is a Diamond\",\"publisher\":{\"@id\":\"https:\/\/bluegems.bycws.com\/#organization\"},\"potentialAction\":[{\"@type\":\"SearchAction\",\"target\":{\"@type\":\"EntryPoint\",\"urlTemplate\":\"https:\/\/bluegems.bycws.com\/?s={search_term_string}\"},\"query-input\":{\"@type\":\"PropertyValueSpecification\",\"valueRequired\":true,\"valueName\":\"search_term_string\"}}],\"inLanguage\":\"es\"},{\"@type\":\"Organization\",\"@id\":\"https:\/\/bluegems.bycws.com\/#organization\",\"name\":\"Blue Gems ABA\",\"url\":\"https:\/\/bluegems.bycws.com\/\",\"logo\":{\"@type\":\"ImageObject\",\"inLanguage\":\"es\",\"@id\":\"https:\/\/bluegems.bycws.com\/#\/schema\/logo\/image\/\",\"url\":\"https:\/\/bluegemsaba.com\/wp-content\/uploads\/2020\/11\/Blue-Gems-Logo-revised-01.png\",\"contentUrl\":\"https:\/\/bluegemsaba.com\/wp-content\/uploads\/2020\/11\/Blue-Gems-Logo-revised-01.png\",\"width\":1952,\"height\":449,\"caption\":\"Blue Gems ABA\"},\"image\":{\"@id\":\"https:\/\/bluegems.bycws.com\/#\/schema\/logo\/image\/\"},\"sameAs\":[\"https:\/\/www.facebook.com\/BlueGemsABA\/\"]}]}<\/script>\n<!-- \/ Yoast SEO plugin. -->","yoast_head_json":{"title":"\u00a1Pol\u00edtica de privacidad - BlueGems - Where every child is a diamond!","description":"Esta Pol\u00edtica de Privacidad regula el m\u00e9todo en el que Blue Gems ABA LLC recopila, utiliza, mantiene y divulga la informaci\u00f3n...Leer m\u00e1s","robots":{"index":"index","follow":"follow","max-snippet":"max-snippet:-1","max-image-preview":"max-image-preview:large","max-video-preview":"max-video-preview:-1"},"canonical":"https:\/\/bluegemsaba.com\/es\/privacy-policy\/","og_locale":"es_MX","og_type":"article","og_title":"Privacy Policy - BlueGems - Where every child is a diamond!","og_description":"This Privacy Policy regulates the method in which Blue Gems ABA LLC collects, uses, maintains and discloses information...Read More","og_url":"https:\/\/bluegemsaba.com\/es\/privacy-policy\/","og_site_name":"BlueGems","article_publisher":"https:\/\/www.facebook.com\/BlueGemsABA\/","article_modified_time":"2021-02-16T17:00:34+00:00","og_image":[{"url":"https:\/\/bluegemsaba.com\/wp-content\/uploads\/2020\/10\/Blue-Gems-Logo__-01.png","type":"","width":"","height":""}],"twitter_card":"summary_large_image","twitter_misc":{"Tiempo de lectura":"3 minutos"},"schema":{"@context":"https:\/\/schema.org","@graph":[{"@type":"WebPage","@id":"https:\/\/bluegemsaba.com\/privacy-policy\/","url":"https:\/\/bluegemsaba.com\/privacy-policy\/","name":"\u00a1Pol\u00edtica de privacidad - BlueGems - Where every child is a diamond!","isPartOf":{"@id":"https:\/\/bluegems.bycws.com\/#website"},"primaryImageOfPage":{"@id":"https:\/\/bluegemsaba.com\/privacy-policy\/#primaryimage"},"image":{"@id":"https:\/\/bluegemsaba.com\/privacy-policy\/#primaryimage"},"thumbnailUrl":"https:\/\/bluegemsaba.com\/wp-content\/uploads\/2020\/10\/Blue-Gems-Logo__-01.png","datePublished":"2020-11-15T10:55:55+00:00","dateModified":"2021-02-16T17:00:34+00:00","description":"Esta Pol\u00edtica de Privacidad regula el m\u00e9todo en el que Blue Gems ABA LLC recopila, utiliza, mantiene y divulga la informaci\u00f3n...Leer m\u00e1s","breadcrumb":{"@id":"https:\/\/bluegemsaba.com\/privacy-policy\/#breadcrumb"},"inLanguage":"es","potentialAction":[{"@type":"ReadAction","target":["https:\/\/bluegemsaba.com\/privacy-policy\/"]}]},{"@type":"ImageObject","inLanguage":"es","@id":"https:\/\/bluegemsaba.com\/privacy-policy\/#primaryimage","url":"https:\/\/bluegemsaba.com\/wp-content\/uploads\/2020\/10\/Blue-Gems-Logo__-01.png","contentUrl":"https:\/\/bluegemsaba.com\/wp-content\/uploads\/2020\/10\/Blue-Gems-Logo__-01.png"},{"@type":"BreadcrumbList","@id":"https:\/\/bluegemsaba.com\/privacy-policy\/#breadcrumb","itemListElement":[{"@type":"ListItem","position":1,"name":"Home","item":"https:\/\/bluegems.bycws.com\/"},{"@type":"ListItem","position":2,"name":"Privacy Policy"}]},{"@type":"WebSite","@id":"https:\/\/bluegems.bycws.com\/#website","url":"https:\/\/bluegems.bycws.com\/","name":"BlueGems ABA","description":"Donde cada ni\u00f1o es un diamante","publisher":{"@id":"https:\/\/bluegems.bycws.com\/#organization"},"potentialAction":[{"@type":"SearchAction","target":{"@type":"EntryPoint","urlTemplate":"https:\/\/bluegems.bycws.com\/?s={search_term_string}"},"query-input":{"@type":"PropertyValueSpecification","valueRequired":true,"valueName":"search_term_string"}}],"inLanguage":"es"},{"@type":"Organization","@id":"https:\/\/bluegems.bycws.com\/#organization","name":"Blue Gems ABA","url":"https:\/\/bluegems.bycws.com\/","logo":{"@type":"ImageObject","inLanguage":"es","@id":"https:\/\/bluegems.bycws.com\/#\/schema\/logo\/image\/","url":"https:\/\/bluegemsaba.com\/wp-content\/uploads\/2020\/11\/Blue-Gems-Logo-revised-01.png","contentUrl":"https:\/\/bluegemsaba.com\/wp-content\/uploads\/2020\/11\/Blue-Gems-Logo-revised-01.png","width":1952,"height":449,"caption":"Blue Gems ABA"},"image":{"@id":"https:\/\/bluegems.bycws.com\/#\/schema\/logo\/image\/"},"sameAs":["https:\/\/www.facebook.com\/BlueGemsABA\/"]}]}},"_links":{"self":[{"href":"https:\/\/bluegemsaba.com\/es\/wp-json\/wp\/v2\/pages\/1427","targetHints":{"allow":["GET"]}}],"collection":[{"href":"https:\/\/bluegemsaba.com\/es\/wp-json\/wp\/v2\/pages"}],"about":[{"href":"https:\/\/bluegemsaba.com\/es\/wp-json\/wp\/v2\/types\/page"}],"author":[{"embeddable":true,"href":"https:\/\/bluegemsaba.com\/es\/wp-json\/wp\/v2\/users\/1"}],"replies":[{"embeddable":true,"href":"https:\/\/bluegemsaba.com\/es\/wp-json\/wp\/v2\/comments?post=1427"}],"version-history":[{"count":0,"href":"https:\/\/bluegemsaba.com\/es\/wp-json\/wp\/v2\/pages\/1427\/revisions"}],"wp:attachment":[{"href":"https:\/\/bluegemsaba.com\/es\/wp-json\/wp\/v2\/media?parent=1427"}],"curies":[{"name":"wp","href":"https:\/\/api.w.org\/{rel}","templated":true}]}}